{"id":65,"date":"2021-05-29T19:42:04","date_gmt":"2021-05-29T19:42:04","guid":{"rendered":"https:\/\/enduroopatijatours.hr\/en\/?page_id=65"},"modified":"2025-09-05T22:01:11","modified_gmt":"2025-09-05T20:01:11","slug":"about-us","status":"publish","type":"page","link":"https:\/\/enduroopatijatours.hr\/de\/about-us\/","title":{"rendered":"\u00dcber uns"},"content":{"rendered":"<div data-elementor-type=\"wp-page\" data-elementor-id=\"65\" class=\"elementor elementor-65\" data-elementor-post-type=\"page\">\n\t\t\t\t<div class=\"elementor-element elementor-element-7874620 e-flex e-con-boxed e-con e-parent\" data-id=\"7874620\" data-element_type=\"container\" data-e-type=\"container\">\n\t\t\t\t\t<div class=\"e-con-inner\">\n\t\t\t\t<div class=\"elementor-element elementor-element-46a40cc4 elementor-widget elementor-widget-text-editor\" data-id=\"46a40cc4\" data-element_type=\"widget\" data-e-type=\"widget\" data-widget_type=\"text-editor.default\">\n\t\t\t\t\t\t\t\t\t\n<div class=\"wp-block-group alignfull is-content-justification-center\" style=\"margin-top: 0; margin-bottom: 0; padding: calc( 0.5 * var(--wp--style--root--padding-right, var(--wp--custom--gap--horizontal))) var(--wp--style--root--padding-right, var(--wp--custom--gap--horizontal)) calc( 0.5 * var(--wp--style--root--padding-right, var(--wp--custom--gap--horizontal))) var(--wp--style--root--padding-left, var(--wp--custom--gap--horizontal));\"><div class=\"wp-block-group__inner-container is-layout-constrained wp-container-core-group-is-layout-b073b61b wp-block-group-is-layout-constrained\">\n<div class=\"wp-block-spacer\" style=\"height: calc( 0.25 * var(--wp--style--root--padding-right, var(--wp--custom--gap--horizontal)));\" aria-hidden=\"true\">\u00a0<\/div>\n\n<div class=\"wp-block-group alignfull is-content-justification-center\" style=\"margin-top: 0; margin-bottom: 0; padding: calc( 0.5 * var(--wp--style--root--padding-right, var(--wp--custom--gap--horizontal))) var(--wp--style--root--padding-right, var(--wp--custom--gap--horizontal)) calc( 0.5 * var(--wp--style--root--padding-right, var(--wp--custom--gap--horizontal))) var(--wp--style--root--padding-left, var(--wp--custom--gap--horizontal));\"><div class=\"wp-block-group__inner-container is-layout-constrained wp-container-core-group-is-layout-b073b61b wp-block-group-is-layout-constrained\">\n<h2 class=\"wp-block-heading has-text-align-center\">\u00dcber E.O.R.T.<\/h2>\n\n<p class=\"has-text-align-center\">Seit 2006 bietet das Enduro Opatija Racing Team (E.O.R.T.) aufregende und unvergessliche Fahrerlebnisse an einem der sch\u00f6nsten Orte an der Adriak\u00fcste.<\/p>\n\n<p>Mit Sitz in der charmanten Stadt Opatija widmet sich unser Team der Bereitstellung einer Vielzahl von Dienstleistungen, die sowohl f\u00fcr Anf\u00e4nger als auch f\u00fcr erfahrene Fahrer geeignet sind.<\/p>\n\n<p class=\"has-text-align-center\">Egal, ob Sie eine entspannte Fahrt durch atemberaubende Landschaften suchen oder professionelles Training anstreben, wir haben alles, was Sie f\u00fcr ein au\u00dfergew\u00f6hnliches Abenteuer ben\u00f6tigen. Im Zentrum unserer T\u00e4tigkeit steht ein engagiertes Team von Fachleuten, die das Offroad-Abenteuer leben und atmen.<\/p>\n\n<p class=\"has-text-align-center\">Gef\u00fchrt von erfahrenen Instruktoren und leidenschaftlichen Guides kombiniert unser Team jahrelange Expertise mit einer Liebe zur Entdeckung, um unvergessliche Erlebnisse zu bieten.<\/p>\n\n<p class=\"has-text-align-center\">Ob Sie ein Anf\u00e4nger sind, der die Grundlagen lernen m\u00f6chte, oder ein erfahrener Fahrer auf der Suche nach einer Herausforderung, unser Team ist hier, um Sie auf jedem Schritt des Weges zu unterst\u00fctzen. Mit einem Fokus auf Sicherheit, F\u00e4higkeitsentwicklung und puren Genuss sorgen wir daf\u00fcr, dass sich jeder Teilnehmer sicher und voller Energie f\u00fchlt.<\/p>\n\n<p class=\"has-text-align-center\"><strong><em>Schlie\u00dfen Sie sich uns an und erleben Sie den Unterschied eines Teams, das sich wirklich um Ihr Abenteuer k\u00fcmmert!<\/em><\/strong><\/p>\n<\/div><\/div>\n<\/div><\/div>\n\n<p>\u00a0<\/p>\n\n<div class=\"wp-block-group alignfull is-style-section-2 is-content-justification-center\" style=\"margin-top: 0; margin-bottom: 0;\"><div class=\"wp-block-group__inner-container is-layout-constrained wp-block-group-is-layout-constrained\">\n<div class=\"wp-block-spacer\" style=\"height: var(--wp--preset--spacing--40);\" aria-hidden=\"true\">\u00a0<\/div>\n\n<h2 class=\"wp-block-heading has-text-align-center\">Lernen Sie das Team kennen<\/h2>\n\n<div class=\"wp-block-spacer\" style=\"height: 11px;\" aria-hidden=\"true\">\u00a0<\/div>\n\n<div class=\"wp-block-columns alignwide is-layout-flex wp-container-core-columns-is-layout-ea1c9e2a wp-block-columns-is-layout-flex\">\n<div class=\"wp-block-column is-vertically-aligned-center is-layout-flow wp-block-column-is-layout-flow\"><div class=\"wp-block-image is-style-rounded\">\n<figure class=\"aligncenter size-full\"><img decoding=\"async\" width=\"200\" height=\"150\" class=\"wp-image-183\" style=\"aspect-ratio: 1; object-fit: cover;\" src=\"https:\/\/enduroopatijatours.hr\/wp-content\/uploads\/2021\/06\/lari_nanic.jpg\" alt=\"\" \/><\/figure>\n<\/div>\n<h3 class=\"wp-block-heading has-text-align-center has-large-font-size\"><strong><em><mark class=\"has-inline-color has-black-color\" style=\"background-color: #ffffff;\">Lari Nani\u0107<\/mark><\/em><\/strong><\/h3>\n\n<p class=\"has-text-align-center has-small-font-size\">Aktivit\u00e4tskoordinator<\/p>\n\n<h2 class=\"wp-block-heading has-text-align-center has-small-font-size\">Professioneller Tour-Guide<\/h2>\n\n<h2 class=\"wp-block-heading has-text-align-center has-small-font-size\">Spricht: Englisch, Slowenisch, Deutsch<\/h2>\n\n<p class=\"has-text-align-center\"><strong><a href=\"tel:+385917958346\">+385 91 7958 346<\/a> (Deutsch)<\/strong><\/p>\n<\/div>\n<\/div>\n\n<div class=\"wp-block-spacer\" style=\"height: var(--wp--preset--spacing--40);\" aria-hidden=\"true\">\u00a0<\/div>\n<\/div><\/div>\n\n<p>\u00a0<\/p>\n\t\t\t\t\t\t\t\t<\/div>\n\t\t\t\t\t<\/div>\n\t\t\t\t<\/div>\n\t\t\t\t<\/div>","protected":false},"excerpt":{"rendered":"<p>About E.O.R.T. Since 2006, Enduro Opatija Racing Team (E.O.R.T.) has been offering thrilling and unforgettable riding experiences in one of the most beautiful locations on the Adriatic coast. Based in the charming town of Opatija, our team is dedicated to providing a wide range of services tailored to both beginners and seasoned riders. Whether you&#8217;re&hellip; <a class=\"more-link\" href=\"https:\/\/enduroopatijatours.hr\/de\/about-us\/\"><span class=\"screen-reader-text\">\u00dcber uns<\/span> weiterlesen<\/a><\/p>","protected":false},"author":1,"featured_media":0,"parent":0,"menu_order":0,"comment_status":"closed","ping_status":"closed","template":"page-about.php","meta":{"_acf_changed":false,"footnotes":""},"class_list":["post-65","page","type-page","status-publish","hentry","entry"],"acf":[],"_links":{"self":[{"href":"https:\/\/enduroopatijatours.hr\/de\/wp-json\/wp\/v2\/pages\/65","targetHints":{"allow":["GET"]}}],"collection":[{"href":"https:\/\/enduroopatijatours.hr\/de\/wp-json\/wp\/v2\/pages"}],"about":[{"href":"https:\/\/enduroopatijatours.hr\/de\/wp-json\/wp\/v2\/types\/page"}],"author":[{"embeddable":true,"href":"https:\/\/enduroopatijatours.hr\/de\/wp-json\/wp\/v2\/users\/1"}],"replies":[{"embeddable":true,"href":"https:\/\/enduroopatijatours.hr\/de\/wp-json\/wp\/v2\/comments?post=65"}],"version-history":[{"count":29,"href":"https:\/\/enduroopatijatours.hr\/de\/wp-json\/wp\/v2\/pages\/65\/revisions"}],"predecessor-version":[{"id":569,"href":"https:\/\/enduroopatijatours.hr\/de\/wp-json\/wp\/v2\/pages\/65\/revisions\/569"}],"wp:attachment":[{"href":"https:\/\/enduroopatijatours.hr\/de\/wp-json\/wp\/v2\/media?parent=65"}],"curies":[{"name":"wp","href":"https:\/\/api.w.org\/{rel}","templated":true}]}}