{"id":59,"date":"2021-05-29T19:40:40","date_gmt":"2021-05-29T19:40:40","guid":{"rendered":"https:\/\/enduroopatijatours.hr\/en\/?page_id=59"},"modified":"2024-11-23T21:46:02","modified_gmt":"2024-11-23T20:46:02","slug":"quad-atv","status":"publish","type":"page","link":"https:\/\/enduroopatijatours.hr\/de\/quad-atv\/","title":{"rendered":"Quad\/Atv"},"content":{"rendered":"<p>Bei <strong>E.O.R.T.<\/strong>, bieten wir Ihnen ein unvergleichliches Offroad-Erlebnis mit vier <strong>verschiedenen Quad-Fahrbereichen<\/strong>, die jeweils einzigartige Terrains und atemberaubende Standorte bieten. Von unwegsamen Wegen bis hin zu sanfteren Pfaden \u2013 unsere Strecken sind f\u00fcr alle F\u00e4higkeitsstufen geeignet und garantieren ein aufregendes Erlebnis f\u00fcr jeden Abenteurer. Einer unserer Standorte umfasst sogar eine aufregende Motocross-Strecke, die perfekt f\u00fcr diejenigen ist, die einen zus\u00e4tzlichen Adrenalinkick suchen!<\/p>\n<h2 class=\"translation-block\"><strong>Quad-Touren<\/strong> \u2013 <em>Ihr Abenteuer, auf Ihre Weise<\/em>:<\/h2>\n<p>Genie\u00dfen Sie All-Inclusive-Pakete mit 3-Sterne-Unterkunft, die auf Ihre W\u00fcnsche zugeschnitten sind:<\/p>\n<ul>\n<li><strong>Doppelzimmer mit Quad-Miete<\/strong>: Erkunden Sie das Gel\u00e4nde mit unseren erstklassigen Quad-Fahrzeugen.<\/li>\n<li><strong>Doppelzimmer mit eigenem Quad<\/strong>: Bringen Sie Ihr pers\u00f6nliches Quad mit und erleben Sie das Abenteuer in Ihrem eigenen Tempo.<\/li>\n<\/ul>\n<h2><strong>Quad Training<\/strong> \u2013 <em>F\u00fcr Anf\u00e4nger bis Experten<\/em>:<\/h2>\n<p>Verbessern Sie Ihre F\u00e4higkeiten oder lernen Sie von Grund auf mit der Anleitung unserer professionellen Instruktoren :<\/p>\n<ul>\n<li><strong>Doppelzimmer mit Quad-Miete + Instruktor<\/strong>: Kombinieren Sie Komfort und Expertise, w\u00e4hrend Sie auf unseren Premium-Quads lernen.<\/li>\n<li><strong>Doppelzimmer mit eigenem Quad + Instruktor<\/strong>: Verfeinern Sie Ihre Techniken mit Ihrem eigenen Quad unter der aufmerksamen Anleitung eines erfahrenen Trainers.<\/li>\n<\/ul>\n<p>Egal, ob Sie hier sind, um das Abenteuer zu erleben, neue F\u00e4higkeiten zu erlernen oder herausfordernde Terrains zu erobern, <strong>E.O.R.T.<\/strong> bietet ein vollst\u00e4ndiges Erlebnis, das Luxus, Expertise und adrenalingeladenen Spa\u00df vereint. Buchen Sie noch heute Ihr Abenteuer und lassen Sie die Reise beginnen!<\/p>\n<p><em>*Der Preis beinhaltet: \u00dcbernachtung, Fr\u00fchst\u00fcck und Abendessen.<\/em><\/p>","protected":false},"excerpt":{"rendered":"<p>At E.O.R.T., we bring you an unparalleled off-road experience with four distinct quad driving ranges, each offering unique terrains and breathtaking locations. From rugged trails to smoother paths, our courses cater to all skill levels, ensuring an exciting ride for every adventurer. One of our locations even incorporates a thrilling motocross track, perfect for those&hellip; <a class=\"more-link\" href=\"https:\/\/enduroopatijatours.hr\/de\/quad-atv\/\"><span class=\"screen-reader-text\">Quad\/Atv<\/span> weiterlesen<\/a><\/p>","protected":false},"author":1,"featured_media":0,"parent":0,"menu_order":0,"comment_status":"closed","ping_status":"closed","template":"","meta":{"_acf_changed":false,"footnotes":""},"class_list":["post-59","page","type-page","status-publish","hentry","entry"],"acf":[],"_links":{"self":[{"href":"https:\/\/enduroopatijatours.hr\/de\/wp-json\/wp\/v2\/pages\/59","targetHints":{"allow":["GET"]}}],"collection":[{"href":"https:\/\/enduroopatijatours.hr\/de\/wp-json\/wp\/v2\/pages"}],"about":[{"href":"https:\/\/enduroopatijatours.hr\/de\/wp-json\/wp\/v2\/types\/page"}],"author":[{"embeddable":true,"href":"https:\/\/enduroopatijatours.hr\/de\/wp-json\/wp\/v2\/users\/1"}],"replies":[{"embeddable":true,"href":"https:\/\/enduroopatijatours.hr\/de\/wp-json\/wp\/v2\/comments?post=59"}],"version-history":[{"count":9,"href":"https:\/\/enduroopatijatours.hr\/de\/wp-json\/wp\/v2\/pages\/59\/revisions"}],"predecessor-version":[{"id":412,"href":"https:\/\/enduroopatijatours.hr\/de\/wp-json\/wp\/v2\/pages\/59\/revisions\/412"}],"wp:attachment":[{"href":"https:\/\/enduroopatijatours.hr\/de\/wp-json\/wp\/v2\/media?parent=59"}],"curies":[{"name":"wp","href":"https:\/\/api.w.org\/{rel}","templated":true}]}}