{"id":57,"date":"2021-05-29T19:40:03","date_gmt":"2021-05-29T19:40:03","guid":{"rendered":"https:\/\/enduroopatijatours.hr\/en\/?page_id=57"},"modified":"2024-11-23T21:28:02","modified_gmt":"2024-11-23T20:28:02","slug":"motocross","status":"publish","type":"page","link":"https:\/\/enduroopatijatours.hr\/de\/motocross\/","title":{"rendered":"Motocross"},"content":{"rendered":"<h2><strong>MOTOCROSS RO\u010c<\/strong><\/h2>\n<p><strong>Motocross-Strecke Ro\u010d<\/strong> ist ein erstklassiges Ziel f\u00fcr Motocross-Enthusiasten, nur 12 Kilometer von der K\u00fcstenstadt Opatija entfernt, in der malerischen Umgebung von Ro\u010d. Diese private Strecke ist sorgf\u00e4ltig gestaltet, um Fahrern aller Niveaus gerecht zu werden und bietet eine sichere und dynamische Umgebung sowohl f\u00fcr Trainingseinheiten als auch f\u00fcr Wettk\u00e4mpfe. Ob Sie ein Anf\u00e4nger sind, der seine F\u00e4higkeiten verbessert, oder ein erfahrener Profi, der neue Herausforderungen sucht, die Ro\u010d-Strecke bietet ein unvergessliches Motocross-Erlebnis.<\/p>\n<p>Die Strecke bietet eine Vielzahl von Gel\u00e4ndearten und Hindernissen, die eine anspruchsvolle Fahrt garantieren, die Ihre Beweglichkeit, Geschwindigkeit und technischen F\u00e4higkeiten auf die Probe stellt. Umgeben von atemberaubenden nat\u00fcrlichen Landschaften bietet der Standort nicht nur eine aufregende Fahrt, sondern auch die M\u00f6glichkeit, sich in einer ruhigen und inspirierenden Umgebung zu entspannen.<\/p>\n<p>Als private Einrichtung garantiert die Strecke Exklusivit\u00e4t und erstklassige Pflege, was sie zu einer ausgezeichneten Wahl f\u00fcr individuelles Training, Gruppensitzungen oder die Ausrichtung von Motocross-Wettbewerben macht. Der Veranstaltungsort ist so ausgestattet, dass er den Bed\u00fcrfnissen der Fahrer gerecht wird und ausreichend Platz f\u00fcr die Vorbereitung und f\u00fcr Zuschauer bietet, die die Action genie\u00dfen m\u00f6chten.<\/p>\n<p>Die Motocross-Strecke Ro\u010d, die sich in der N\u00e4he von Opatija befindet, ist der perfekte R\u00fcckzugsort f\u00fcr Adrenalinjunkies, die Abenteuer mit der Sch\u00f6nheit der kroatischen Landschaft verbinden m\u00f6chten. Planen Sie Ihren Besuch und entdecken Sie, warum diese Strecke bei Motocross-Fans so beliebt ist!<\/p>\n<h2><strong>MOTOCROSS-STRECKE<\/strong><\/h2>\n<ul>\n<li>NUR MOTOCROSS<\/li>\n<li>MOTOCROSS UND CROSS-COUNTRY<\/li>\n<li>ORTSSTEUER<\/li>\n<\/ul>\n<p>Motocross-Strecke (Gruppe von 10 Personen oder mehr)<\/p>\n\n\n<figure class=\"wp-block-image size-full\"><img fetchpriority=\"high\" decoding=\"async\" width=\"1260\" height=\"756\" src=\"https:\/\/enduroopatijatours.hr\/wp-content\/uploads\/2024\/11\/1260_-_David_Ketel_WKRDAS_1.png\" alt=\"\" class=\"wp-image-403\" style=\"aspect-ratio:16\/9;object-fit:cover\" srcset=\"https:\/\/enduroopatijatours.hr\/wp-content\/uploads\/2024\/11\/1260_-_David_Ketel_WKRDAS_1.png 1260w, https:\/\/enduroopatijatours.hr\/wp-content\/uploads\/2024\/11\/1260_-_David_Ketel_WKRDAS_1-300x180.png 300w, https:\/\/enduroopatijatours.hr\/wp-content\/uploads\/2024\/11\/1260_-_David_Ketel_WKRDAS_1-1024x614.png 1024w, https:\/\/enduroopatijatours.hr\/wp-content\/uploads\/2024\/11\/1260_-_David_Ketel_WKRDAS_1-768x461.png 768w, https:\/\/enduroopatijatours.hr\/wp-content\/uploads\/2024\/11\/1260_-_David_Ketel_WKRDAS_1-1200x720.png 1200w\" sizes=\"(max-width: 1260px) 100vw, 1260px\" \/><\/figure>","protected":false},"excerpt":{"rendered":"<p>MOTOCROSS RO\u010c Motocross Track Ro\u010d is a premier destination for motocross enthusiasts, located just 12 kilometers from the coastal town of Opatija, in the picturesque setting of Ro\u010d. This private track is carefully designed to cater to riders of all levels, offering a safe and dynamic environment for both training sessions and competitive events. Whether&hellip; <a class=\"more-link\" href=\"https:\/\/enduroopatijatours.hr\/de\/motocross\/\"><span class=\"screen-reader-text\">Motocross<\/span> weiterlesen<\/a><\/p>","protected":false},"author":1,"featured_media":0,"parent":0,"menu_order":0,"comment_status":"closed","ping_status":"closed","template":"","meta":{"_acf_changed":false,"footnotes":""},"class_list":["post-57","page","type-page","status-publish","hentry","entry"],"acf":[],"_links":{"self":[{"href":"https:\/\/enduroopatijatours.hr\/de\/wp-json\/wp\/v2\/pages\/57","targetHints":{"allow":["GET"]}}],"collection":[{"href":"https:\/\/enduroopatijatours.hr\/de\/wp-json\/wp\/v2\/pages"}],"about":[{"href":"https:\/\/enduroopatijatours.hr\/de\/wp-json\/wp\/v2\/types\/page"}],"author":[{"embeddable":true,"href":"https:\/\/enduroopatijatours.hr\/de\/wp-json\/wp\/v2\/users\/1"}],"replies":[{"embeddable":true,"href":"https:\/\/enduroopatijatours.hr\/de\/wp-json\/wp\/v2\/comments?post=57"}],"version-history":[{"count":8,"href":"https:\/\/enduroopatijatours.hr\/de\/wp-json\/wp\/v2\/pages\/57\/revisions"}],"predecessor-version":[{"id":405,"href":"https:\/\/enduroopatijatours.hr\/de\/wp-json\/wp\/v2\/pages\/57\/revisions\/405"}],"wp:attachment":[{"href":"https:\/\/enduroopatijatours.hr\/de\/wp-json\/wp\/v2\/media?parent=57"}],"curies":[{"name":"wp","href":"https:\/\/api.w.org\/{rel}","templated":true}]}}